{"id":109,"date":"2026-04-24T11:00:42","date_gmt":"2026-04-24T09:00:42","guid":{"rendered":"https:\/\/dev.webpatho.com\/comercialsuministrosleon\/?page_id=109"},"modified":"2026-04-24T13:38:54","modified_gmt":"2026-04-24T11:38:54","slug":"aviso-legal","status":"publish","type":"page","link":"https:\/\/dev.webpatho.com\/comercialsuministrosleon\/aviso-legal\/","title":{"rendered":"Aviso legal"},"content":{"rendered":"<p>En el presente Aviso Legal, el Usuario, podr\u00e1 encontrar toda la informaci\u00f3n relativa a las condiciones legales que definen las relaciones entre los usuarios y el responsable de la p\u00e1gina web, accesible en la direcci\u00f3n https:\/\/comercialdesuministrosleon.es (en adelante, \u00abel Sitio Web\u00bb), que COMERCIAL DE SUMINISTROS LE\u00d3N 2021 pone a disposici\u00f3n de los usuarios de Internet.<\/p>\n<p>La utilizaci\u00f3n del sitio web implica la aceptaci\u00f3n plena y sin reservas de todas y cada una de las disposiciones incluidas en este Aviso Legal. En consecuencia, el usuario del sitio web debe leer atentamente el presente Aviso Legal en cada una de las ocasiones en que se proponga utilizar la web, ya que el texto podr\u00eda sufrir modificaciones a criterio del titular de la web, o a causa de un cambio legislativo, jurisprudencial o en la pr\u00e1ctica empresarial.<\/p>\n<h2>1.- Titularidad del sitio web<\/h2>\n<ul>\n<li><strong>Nombre de dominio:<\/strong> comercialdesuministrosleon.es<\/li>\n<li><strong>Identidad del responsable o Raz\u00f3n social:<\/strong> COMERCIAL DE SUMINISTROS LE\u00d3N 2021 S.L.<\/li>\n<li><strong>Nombre comercial:<\/strong> COMERCIAL DE SUMINISTROS LE\u00d3N 2021 o COMERCIAL DE SUMINISTROS LE\u00d3N<\/li>\n<li><strong>CIF:<\/strong> B05276381<\/li>\n<li><strong>Domicilio:<\/strong> C. el Ca\u00f1o, 2, 24192 Trobajo del Cerecedo, Le\u00f3n, Espa\u00f1a<\/li>\n<li><strong>Tel\u00e9fono:<\/strong> +34 647 451 087<\/li>\n<li><strong>E-mail de contacto:<\/strong> <a href=\"mailto:dpd@comercialdesuministrosleon.es\" target=\"_blank\" rel=\"noopener noreferrer\">dpd@comercialdesuministrosleon.es<\/a><\/li>\n<li><strong>Registro mercantil:<\/strong> Inscrita en el Registro Mercantil de Le\u00f3n Tomo 1359, Folio 45, Secci\u00f3n 8, Hoja LE 26949, I\/A 1 (12\/04\/2021)<\/li>\n<li><strong>Objetivo principal:<\/strong> Intermediarios del comercio de productos diversos.<\/li>\n<\/ul>\n<h2>2.- Objeto<\/h2>\n<p>El sitio web facilita a los usuarios del mismo el acceso a informaci\u00f3n y servicios prestados por COMERCIAL DE SUMINISTROS LE\u00d3N 2021 a aquellas personas u organizaciones interesadas en los mismos.<\/p>\n<p>COMERCIAL DE SUMINISTROS LE\u00d3N 2021 es la responsable del Sitio Web y se compromete a cumplir con todos los requisitos nacionales y europeos que regulan el uso de los datos personales de los usuarios. Este Sitio Web garantiza la protecci\u00f3n y confidencialidad de los datos personales que nos proporcionen de acuerdo con lo dispuesto en el Reglamento General de Protecci\u00f3n de Datos de Car\u00e1cter Personal (UE) 2016\/679 del Parlamento Europeo y del Consejo, de 27 de abril de 2016 (RGPD), en la Ley Org\u00e1nica 3\/2018, de Protecci\u00f3n de Datos Personales y garant\u00eda de los derechos digitales (LOPDyGDD), as\u00ed como en la Ley de Servicios de la Sociedad de la Informaci\u00f3n y Comercio Electr\u00f3nico 34\/2002 de 11 de Julio (LSSI-CE).<\/p>\n<h2>3.- Acceso y utilizaci\u00f3n del sitio<\/h2>\n<p>Car\u00e1cter gratuito del acceso y utilizaci\u00f3n de la web: El acceso a la web tiene car\u00e1cter gratuito para los usuarios de la misma, salvo en lo relativo al coste de la conexi\u00f3n a trav\u00e9s de la red de telecomunicaciones suministrada por el proveedor de acceso contratado por los usuarios.<\/p>\n<p>Registro de usuarios: Con car\u00e1cter general el acceso y utilizaci\u00f3n de la web no exige la previa suscripci\u00f3n o registro de los usuarios de la misma.<\/p>\n<p>Los usuarios garantizan y responden, en cualquier caso, de la exactitud, vigencia y autenticidad de los datos personales facilitados, y se comprometen a mantenerlos debidamente actualizados. El usuario acepta proporcionar informaci\u00f3n completa y correcta en el formulario de contacto o suscripci\u00f3n.<\/p>\n<p>En el caso de los menores de trece a\u00f1os se requiere el consentimiento de los padres o tutores para el tratamiento de sus datos personales.<\/p>\n<p>En ning\u00fan caso se recabar\u00e1n del menor de edad datos relativos a la situaci\u00f3n profesional, econ\u00f3mica o a la intimidad de los otros miembros de la familia, sin el consentimiento de \u00e9stos. Si eres menor de trece a\u00f1os y has accedido a este sitio web sin avisar a tus padres no debes registrarte como usuario.<\/p>\n<p>En esta web se respetan y cuidan los datos personales de los usuarios. Como usuario debes saber que tus derechos est\u00e1n garantizados.<\/p>\n<h2>4.- Contenido de la web<\/h2>\n<p>El idioma utilizado por el titular en la web ser\u00e1 el espa\u00f1ol. COMERCIAL DE SUMINISTROS LE\u00d3N 2021 no se responsabiliza de la no comprensi\u00f3n o entendimiento del idioma de la web por el usuario, ni de sus consecuencias.<\/p>\n<p>COMERCIAL DE SUMINISTROS LE\u00d3N 2021 podr\u00e1 modificar los contenidos sin previo aviso, as\u00ed como suprimir y cambiar \u00e9stos dentro de la web, como la forma en que se accede a \u00e9stos, sin justificaci\u00f3n alguna y libremente, no responsabiliz\u00e1ndose de las consecuencias que los mismos puedan ocasionar a los usuarios.<br \/>\nSe proh\u00edbe el uso de los contenidos de la web para promocionar, contratar o divulgar publicidad o informaci\u00f3n propia o de terceras personas sin la autorizaci\u00f3n de COMERCIAL DE SUMINISTROS LE\u00d3N 2021 ni remitir publicidad o informaci\u00f3n vali\u00e9ndose para ello de los servicios o informaci\u00f3n que se ponen a disposici\u00f3n de los usuarios, independientemente de si la utilizaci\u00f3n es gratuita o no.<\/p>\n<p>Los enlaces o hiperenlaces que incorporen terceros en sus p\u00e1ginas web, dirigidos a esta web, ser\u00e1n para la apertura de la p\u00e1gina web completa, no pudiendo manifestar, directa o indirectamente, indicaciones falsas, inexactas o confusas, ni incurrir en acciones desleales o il\u00edcitas en contra de COMERCIAL DE SUMINISTROS LE\u00d3N 2021.<\/p>\n<h2>5.- Limitaci\u00f3n de responsabilidad<\/h2>\n<p>Tanto el acceso a la web como el uso inconsentido que pueda efectuarse de la informaci\u00f3n contenida en la misma es de la exclusiva responsabilidad de quien lo realiza. COMERCIAL DE SUMINISTROS LE\u00d3N 2021 no responder\u00e1 de ninguna consecuencia, da\u00f1o o perjuicio que pudieran derivarse de dicho acceso o uso. COMERCIAL DE SUMINISTROS LE\u00d3N 2021 no se hace responsable de los errores de seguridad, que se puedan producir ni de los da\u00f1os que puedan causarse al sistema inform\u00e1tico del usuario (hardware y software), o a los ficheros o documentos almacenados en el mismo, como consecuencia de:<\/p>\n<ul class=\"wp-block-list\">\n<li>La presencia de un virus en el ordenador del usuario que sea utilizado para la conexi\u00f3n a los servicios y contenidos de la web<\/li>\n<li>Un mal funcionamiento del navegador<\/li>\n<li>El uso de una versi\u00f3n no actualizada del navegador<\/li>\n<li>Acceder a Internet sin protecci\u00f3n antivirus<\/li>\n<\/ul>\n<p>COMERCIAL DE SUMINISTROS LE\u00d3N 2021 no se hace responsable de la fiabilidad y rapidez de los hiperenlaces que se incorporen en la web para la apertura de otras. COMERCIAL DE SUMINISTROS LE\u00d3N 2021 no garantiza la utilidad de estos enlaces, ni se responsabiliza de los contenidos o servicios a los que pueda acceder el usuario por medio de estos enlaces, ni del buen funcionamiento de estas webs.<\/p>\n<p>COMERCIAL DE SUMINISTROS LE\u00d3N 2021 no ser\u00e1 responsable de los virus o dem\u00e1s programas inform\u00e1ticos que deterioren o puedan deteriorar los sistemas o equipos inform\u00e1ticos de los usuarios al acceder a su web u otras webs a las que se haya accedido mediante enlaces de esta web.<\/p>\n<h2>6.- Empleo de la tecnolog\u00eda \u00abCookie\u00bb<\/h2>\n<p>La web emplea cookies propias y de terceros, que puede consultar en nuestra <a href=\"https:\/\/www.comercialdesuministrosleon.es\/politica-de-cookies-ue\" target=\"_blank\" rel=\"noreferrer noopener\">Pol\u00edtica de Cookies<\/a>. Las cookies que utilizamos respetan en todo momento la privacidad del visitante.<\/p>\n<h2>7.- Propiedad intelectual e industrial<\/h2>\n<p>Son propiedad de COMERCIAL DE SUMINISTROS LE\u00d3N 2021 todos los derechos de propiedad industrial e intelectual de la web, as\u00ed como de los contenidos que alberga, incluyendo logotipo y frases asociadas. Cualquier uso de la web o sus contenidos deber\u00e1 tener un car\u00e1cter exclusivamente particular. Est\u00e1 reservado exclusivamente a COMERCIAL DE SUMINISTROS LE\u00d3N 2021 cualquier otro uso que suponga la copia, reproducci\u00f3n, distribuci\u00f3n, transformaci\u00f3n, comunicaci\u00f3n p\u00fablica o cualquier otra acci\u00f3n similar, de todo o parte de los contenidos de la web, por lo que ning\u00fan usuario podr\u00e1 llevar a cabo estas acciones sin la autorizaci\u00f3n previa y por escrito de COMERCIAL DE SUMINISTROS LE\u00d3N 2021 .<\/p>\n<h2>8.- Pol\u00edtica de Privacidad y Protecci\u00f3n de Datos<\/h2>\n<p>COMERCIAL DE SUMINISTROS LE\u00d3N 2021 garantiza la protecci\u00f3n y confidencialidad de los datos personales, de cualquier tipo que nos proporcionen nuestras empresas clientes de acuerdo con lo dispuesto en la Ley Org\u00e1nica 3\/2018, de 5 de diciembre, de Protecci\u00f3n de Datos Personales y garant\u00eda de los derechos digitales (LOPDGDD), as\u00ed como del Reglamento (UE) 2016\/679 del Parlamento Europeo y del Consejo, de 27 de abril de 2016, relativo a la protecci\u00f3n de las personas f\u00edsicas en lo que respecta al tratamiento de datos personales, por el que se deroga la directiva 95\/46\/CE (RGPD).<\/p>\n<p>Para saber m\u00e1s, consulte nuestra <a href=\"https:\/\/www.comercialdesuministrosleon.es\/privacidad\" target=\"_blank\" rel=\"noreferrer noopener\">Pol\u00edtica de Privacidad y Protecci\u00f3n de datos<\/a>.<\/p>\n<h2>9.- Legislaci\u00f3n aplicable y jurisdicci\u00f3n competente<\/h2>\n<p>El presente Aviso Legal se interpretar\u00e1 y regir\u00e1 de conformidad con la legislaci\u00f3n espa\u00f1ola. COMERCIAL DE SUMINISTROS LE\u00d3N 2021 y los usuarios, con renuncia expresa a cualquier otro fuero que pudiera corresponderles, se someten al de los juzgados y tribunales del domicilio del usuario para cualquier controversia que pudiera derivarse del acceso o uso de la web. En el caso de que el usuario tenga su domicilio fuera de Espa\u00f1a, COMERCIAL DE SUMINISTROS LE\u00d3N 2021 y el usuario, se someten, con renuncia expresa a cualquier otro fuero, a los juzgados y tribunales del domicilio de COMERCIAL DE SUMINISTROS LE\u00d3N 2021 .<\/p>\n<p>&nbsp;<\/p>\n<p><strong>\u00daltima actualizaci\u00f3n: 22 de abril de 2026<\/strong><\/p>\n","protected":false},"excerpt":{"rendered":"<p>En el presente Aviso Legal, el Usuario, podr\u00e1 encontrar toda la informaci\u00f3n relativa a las condiciones legales que definen las&#8230;<\/p>\n","protected":false},"author":1,"featured_media":0,"parent":0,"menu_order":0,"comment_status":"closed","ping_status":"open","template":"","meta":{"footnotes":""},"class_list":["post-109","page","type-page","status-publish"],"_links":{"self":[{"href":"https:\/\/dev.webpatho.com\/comercialsuministrosleon\/wp-json\/wp\/v2\/pages\/109","targetHints":{"allow":["GET"]}}],"collection":[{"href":"https:\/\/dev.webpatho.com\/comercialsuministrosleon\/wp-json\/wp\/v2\/pages"}],"about":[{"href":"https:\/\/dev.webpatho.com\/comercialsuministrosleon\/wp-json\/wp\/v2\/types\/page"}],"author":[{"embeddable":true,"href":"https:\/\/dev.webpatho.com\/comercialsuministrosleon\/wp-json\/wp\/v2\/users\/1"}],"replies":[{"embeddable":true,"href":"https:\/\/dev.webpatho.com\/comercialsuministrosleon\/wp-json\/wp\/v2\/comments?post=109"}],"version-history":[{"count":1,"href":"https:\/\/dev.webpatho.com\/comercialsuministrosleon\/wp-json\/wp\/v2\/pages\/109\/revisions"}],"predecessor-version":[{"id":110,"href":"https:\/\/dev.webpatho.com\/comercialsuministrosleon\/wp-json\/wp\/v2\/pages\/109\/revisions\/110"}],"wp:attachment":[{"href":"https:\/\/dev.webpatho.com\/comercialsuministrosleon\/wp-json\/wp\/v2\/media?parent=109"}],"curies":[{"name":"wp","href":"https:\/\/api.w.org\/{rel}","templated":true}]}}