{"id":2,"date":"2026-04-09T11:00:10","date_gmt":"2026-04-09T09:00:10","guid":{"rendered":"https:\/\/dev.webpatho.com\/comercialsuministrosleon\/?page_id=2"},"modified":"2026-04-24T13:51:22","modified_gmt":"2026-04-24T11:51:22","slug":"contacto","status":"publish","type":"page","link":"https:\/\/dev.webpatho.com\/comercialsuministrosleon\/contacto\/","title":{"rendered":"Contacto"},"content":{"rendered":"<div class=\"wpb-content-wrapper\"><p>[vc_row full_width=\u00bbstretch_row\u00bb css=\u00bb.vc_custom_1777031413083{margin-top: 0px !important;margin-bottom: 0px !important;padding-top: 0px !important;padding-bottom: 10px !important;}\u00bb][vc_column css=\u00bb.vc_custom_1511274007858{margin-bottom: 0px !important;padding-bottom: 0px !important;}\u00bb][vc_row_inner][vc_column_inner width=\u00bb1\/6&#8243;][\/vc_column_inner][vc_column_inner width=\u00bb2\/3&#8243;][vc_column_text css=\u00bb\u00bb]<\/p>\n<div class=\"title-h2\" style=\"text-align: center; margin-bottom: 20px;\"><span style=\"color: #2c2c2c;\">Ponte en contacto con Comercial de Suministros Le\u00f3n 2021<\/span><\/div>\n<div style=\"width: 55px; height: 3px; background: #0081CE; margin: 0 auto; text-indent: 9999px;\">1<\/div>\n<p>[\/vc_column_text][\/vc_column_inner][vc_column_inner width=\u00bb1\/6&#8243;][\/vc_column_inner][\/vc_row_inner]<div class=\"clearboth\"><\/div><style>#thegem-divider-69efa026d1a6f {margin-top: 30px !important;}<\/style><div id=\"thegem-divider-69efa026d1a6f\" class=\"gem-divider  \" style=\"\" ><\/div>\n<div class=\"wpcf7 no-js\" id=\"wpcf7-f8-o1\" lang=\"es-ES\" dir=\"ltr\" data-wpcf7-id=\"8\">\n<div class=\"screen-reader-response\"><p role=\"status\" aria-live=\"polite\" aria-atomic=\"true\"><\/p> <ul><\/ul><\/div>\n<form action=\"\/comercialsuministrosleon\/wp-json\/wp\/v2\/pages\/2#wpcf7-f8-o1\" method=\"post\" class=\"wpcf7-form init\" aria-label=\"Formulario de contacto\" novalidate=\"novalidate\" data-status=\"init\">\n<fieldset class=\"hidden-fields-container\"><legend class=\"screen-reader-text\">Hidden fields<\/legend><input type=\"hidden\" name=\"_wpcf7\" value=\"8\" \/><input type=\"hidden\" name=\"_wpcf7_version\" value=\"6.1.5\" \/><input type=\"hidden\" name=\"_wpcf7_locale\" value=\"es_ES\" \/><input type=\"hidden\" name=\"_wpcf7_unit_tag\" value=\"wpcf7-f8-o1\" \/><input type=\"hidden\" name=\"_wpcf7_container_post\" value=\"0\" \/><input type=\"hidden\" name=\"_wpcf7_posted_data_hash\" value=\"\" \/>\n<\/fieldset>\n<div>\n<p class=\"col-md-4 cf-style3-name\"><span class=\"wpcf7-form-control-wrap\" data-name=\"nombre\"><input size=\"40\" maxlength=\"400\" class=\"wpcf7-form-control wpcf7-text wpcf7-validates-as-required\" aria-required=\"true\" aria-invalid=\"false\" placeholder=\"Nombre*\" value=\"\" type=\"text\" name=\"nombre\" \/><\/span><\/p>\n<p class=\"col-md-4 cf-style3-email\"><span class=\"wpcf7-form-control-wrap\" data-name=\"email\"><input size=\"40\" maxlength=\"400\" class=\"wpcf7-form-control wpcf7-email wpcf7-validates-as-required wpcf7-text wpcf7-validates-as-email\" aria-required=\"true\" aria-invalid=\"false\" placeholder=\"Email*\" value=\"\" type=\"email\" name=\"email\" \/><\/span><\/p>\n<p class=\"col-md-4 cf-style3-website\"><span class=\"wpcf7-form-control-wrap\" data-name=\"asunto\"><input size=\"40\" maxlength=\"400\" class=\"wpcf7-form-control wpcf7-text wpcf7-validates-as-required\" aria-required=\"true\" aria-invalid=\"false\" placeholder=\"Asunto*\" value=\"\" type=\"text\" name=\"asunto\" \/><\/span><\/p>\n<p class=\"col-md-12 cf-style3-textarea\"><span class=\"wpcf7-form-control-wrap\" data-name=\"mensaje\"><textarea cols=\"40\" rows=\"10\" maxlength=\"2000\" class=\"wpcf7-form-control wpcf7-textarea wpcf7-validates-as-required\" aria-required=\"true\" aria-invalid=\"false\" placeholder=\"Mensaje*\" name=\"mensaje\"><\/textarea><\/span><\/p>\n\n<div id=\"consentimiento\">\n<p><strong>Informaci\u00f3n b\u00e1sica sobre Protecci\u00f3n de Datos<\/strong><\/p>\n      <ul>\n          <li><strong>Responsable:<\/strong> Comercial de Suministros Le\u00f3n 2021, S.L.<\/li>\n          <li><strong>Finalidad:<\/strong> Los datos recogidos a trav\u00e9s de los formularios de la web se usan para poder ofrecer la informaci\u00f3n correspondiente de acuerdo a los servicios solicitados por el cliente<\/li>\n          <li><strong>Legitimaci\u00f3n:<\/strong> Consentimiento del Interesado<\/li>\n          <li><strong>Destinatarios:<\/strong> Los datos que introduces en la web no ser\u00e1n comunicados a otras entidades, salvo por imperativo legal<\/li>\n          <li><strong>Derechos:<\/strong> Acceso, Rectificaci\u00f3n, Cancelaci\u00f3n, Oposici\u00f3n, Limitaci\u00f3n y Portabilidad<\/li>\n          <li><strong>Informaci\u00f3n Adicional:<\/strong> Puedes consultar la informaci\u00f3n adicional y detallada sobre Protecci\u00f3n de Datos en el siguiente enlace: <a href=\"https:\/\/dev.webpatho.com\/comercialsuministrosleon\/privacidad\" target=\"_blank\">https:\/\/dev.webpatho.com\/comercialsuministrosleon\/privacidad<\/a><\/li>\n      <\/ul>\n\n      <span class=\"wpcf7-form-control-wrap\" data-name=\"consentimiento\"><span class=\"wpcf7-form-control wpcf7-acceptance\"><span class=\"wpcf7-list-item\"><input type=\"checkbox\" name=\"consentimiento\" value=\"1\" class=\"form-control\" aria-invalid=\"false\" \/><\/span><\/span><\/span> Acepto la <a href=\"https:\/\/dev.webpatho.com\/comercialsuministrosleon\/privacidad\" target=\"_blank\">Pol\u00edtica de privacidad<\/a> de Comercial de Suministros Le\u00f3n 2021, S.L.\n<\/div>\n\n<p>[recaptcha]<\/p>\n\n<p><input class=\"wpcf7-form-control wpcf7-submit has-spinner\" type=\"submit\" value=\"Enviar consulta\" \/><\/p>\n<\/div><div class=\"wpcf7-response-output\" aria-hidden=\"true\"><\/div>\n<\/form>\n<\/div>\n<div class=\"clearboth\"><\/div><style>#thegem-divider-69efa026d3bef {margin-top: 25px !important;}<\/style><div id=\"thegem-divider-69efa026d3bef\" class=\"gem-divider  \" style=\"\" ><\/div>[\/vc_column][\/vc_row][vc_row full_width=\u00bbstretch_row_content\u00bb css=\u00bb.vc_custom_1696258590049{padding-right: 1% !important;padding-bottom: 1% !important;padding-left: 1% !important;}\u00bb][vc_column][vc_column_text css=\u00bb\u00bb]<iframe style=\"border: 0;\" src=\"https:\/\/www.google.com\/maps\/embed?pb=!1m18!1m12!1m3!1d4155.876472466466!2d-5.582614586135065!3d42.56275743840721!2m3!1f0!2f0!3f0!3m2!1i1024!2i768!4f13.1!3m3!1m2!1s0xd378548a25be4b9%3A0x4dde8c9dd4a8bd81!2zQy4gZWwgQ2HDsW8sIDIsIDI0MTkyIExlw7Nu!5e0!3m2!1ses!2ses!4v1777028215518!5m2!1ses!2ses\" width=\"100%\" height=\"500\" allowfullscreen=\"allowfullscreen\"><\/iframe>[\/vc_column_text][\/vc_column][\/vc_row]<\/p>\n<\/div>","protected":false},"excerpt":{"rendered":"<p>[vc_row full_width=\u00bbstretch_row\u00bb css=\u00bb.vc_custom_1777031413083{margin-top: 0px !important;margin-bottom: 0px !important;padding-top: 0px !important;padding-bottom: 10px !important;}\u00bb][vc_column css=\u00bb.vc_custom_1511274007858{margin-bottom: 0px !important;padding-bottom: 0px !important;}\u00bb][vc_row_inner][vc_column_inner width=\u00bb1\/6&#8243;][\/vc_column_inner][vc_column_inner width=\u00bb2\/3&#8243;][vc_column_text css=\u00bb\u00bb] Ponte&#8230;<\/p>\n","protected":false},"author":1,"featured_media":0,"parent":0,"menu_order":0,"comment_status":"closed","ping_status":"open","template":"","meta":{"footnotes":""},"class_list":["post-2","page","type-page","status-publish"],"_links":{"self":[{"href":"https:\/\/dev.webpatho.com\/comercialsuministrosleon\/wp-json\/wp\/v2\/pages\/2","targetHints":{"allow":["GET"]}}],"collection":[{"href":"https:\/\/dev.webpatho.com\/comercialsuministrosleon\/wp-json\/wp\/v2\/pages"}],"about":[{"href":"https:\/\/dev.webpatho.com\/comercialsuministrosleon\/wp-json\/wp\/v2\/types\/page"}],"author":[{"embeddable":true,"href":"https:\/\/dev.webpatho.com\/comercialsuministrosleon\/wp-json\/wp\/v2\/users\/1"}],"replies":[{"embeddable":true,"href":"https:\/\/dev.webpatho.com\/comercialsuministrosleon\/wp-json\/wp\/v2\/comments?post=2"}],"version-history":[{"count":5,"href":"https:\/\/dev.webpatho.com\/comercialsuministrosleon\/wp-json\/wp\/v2\/pages\/2\/revisions"}],"predecessor-version":[{"id":114,"href":"https:\/\/dev.webpatho.com\/comercialsuministrosleon\/wp-json\/wp\/v2\/pages\/2\/revisions\/114"}],"wp:attachment":[{"href":"https:\/\/dev.webpatho.com\/comercialsuministrosleon\/wp-json\/wp\/v2\/media?parent=2"}],"curies":[{"name":"wp","href":"https:\/\/api.w.org\/{rel}","templated":true}]}}