{"id":3,"date":"2026-04-24T11:00:10","date_gmt":"2026-04-24T09:00:10","guid":{"rendered":"https:\/\/dev.webpatho.com\/comercialsuministrosleon\/?page_id=3"},"modified":"2026-04-24T13:34:13","modified_gmt":"2026-04-24T11:34:13","slug":"privacidad","status":"publish","type":"page","link":"https:\/\/dev.webpatho.com\/comercialsuministrosleon\/privacidad\/","title":{"rendered":"Pol\u00edtica de privacidad"},"content":{"rendered":"<p>En cumplimiento del Reglamento (UE) 2016\/679 del Parlamento Europeo y del Consejo, de 27 de abril de 2016, relativo a la protecci\u00f3n de las personas f\u00edsicas en lo que respecta al tratamiento de datos personales, por el que se deroga la directiva 95\/46\/CE (en adelante, RGPD), de la Ley 34\/2002, de 11 de julio, de servicios de la sociedad de la informaci\u00f3n y de comercio electr\u00f3nico (en adelante, LSSI-CE) y de la Ley Org\u00e1nica 3\/2018, de Protecci\u00f3n de Datos Personales y Garant\u00eda de los Derechos Digitales (en adelante, LOPDyGDD), COMERCIAL DE SUMINISTROS LE\u00d3N 2021 CB (en adelante, \u00abCOMERCIAL DE SUMINISTROS LE\u00d3N 2021\u00bb) garantiza la protecci\u00f3n y confidencialidad de los datos personales, de cualquier tipo que nos proporcionen nuestros clientes, de acuerdo con lo dispuesto en el Reglamento General de Protecci\u00f3n de Datos de Car\u00e1cter Personal.<\/p>\n<p>La Pol\u00edtica de Protecci\u00f3n de Datos de COMERCIAL DE SUMINISTROS LE\u00d3N 2021 descansa en el principio de responsabilidad proactiva, seg\u00fan el cual el Responsable del tratamiento es responsable del cumplimiento del marco normativo y jurisprudencial, siendo capaz de demostrarlo ante las autoridades de control correspondientes.<\/p>\n<p>Los datos facilitados ser\u00e1n tratados en los t\u00e9rminos establecidos en el RGPD. En este sentido, COMERCIAL DE SUMINISTROS LE\u00d3N 2021 ha adoptado los niveles de protecci\u00f3n que legalmente se exigen, y ha instalado todas las medidas t\u00e9cnicas a su alcance para evitar la p\u00e9rdida, mal uso, alteraci\u00f3n, acceso no autorizado por terceros, expuestos a continuaci\u00f3n. No obstante, el usuario debe ser consciente de que las medidas de seguridad en Internet no son inexpugnables.<\/p>\n<h2>Responsable del tratamiento: \u00bfQui\u00e9nes somos?<\/h2>\n<ul>\n<li><strong>Nombre de dominio:<\/strong> comercialdesuministrosleon.es<\/li>\n<li><strong>Identidad del responsable o Raz\u00f3n social:<\/strong> COMERCIAL DE SUMINISTROS LE\u00d3N 2021 S.L.<\/li>\n<li><strong>Nombre comercial:<\/strong> COMERCIAL DE SUMINISTROS LE\u00d3N 2021 o COMERCIAL DE SUMINISTROS LE\u00d3N<\/li>\n<li><strong>CIF:<\/strong> B05276381<\/li>\n<li><strong>Domicilio:<\/strong> C. el Ca\u00f1o, 2, 24192 Trobajo del Cerecedo, Le\u00f3n, Espa\u00f1a<\/li>\n<li><strong>Tel\u00e9fono:<\/strong> +34 647 451 087<\/li>\n<li><strong>E-mail de contacto:<\/strong> <a href=\"mailto:dpd@comercialdesuministrosleon.es\" target=\"_blank\" rel=\"noopener noreferrer\">dpd@comercialdesuministrosleon.es<\/a><\/li>\n<li><strong>Registro mercantil:<\/strong> Inscrita en el Registro Mercantil de Le\u00f3n Tomo 1359, Folio 45, Secci\u00f3n 8, Hoja LE 26949, I\/A 1 (12\/04\/2021)<\/li>\n<li><strong>Objetivo principal:<\/strong> Intermediarios del comercio de productos diversos.<\/li>\n<\/ul>\n<h2>Tratamiento de datos: \u00bfQu\u00e9 datos tratamos y cu\u00e1l es su origen?<\/h2>\n<p>Seg\u00fan la relaci\u00f3n que pueda tener con nosotros, se pueden tratar las siguientes categor\u00edas de datos personales, as\u00ed como obtener los datos desde distintas fuentes:<\/p>\n<p><strong>Formularios, env\u00edo de correos electr\u00f3nicos y llamadas de contacto<\/strong>: Los datos provienen del propio interesado, o de su representante legal. Las categor\u00edas de datos que se tratar\u00e1n son \u00abDatos identificativos\u00bb (nombre, correo electr\u00f3nico y tel\u00e9fono).<\/p>\n<h2>Finalidad del tratamiento: \u00bfPara qu\u00e9 usaremos sus datos?<\/h2>\n<p><strong>Formularios de contacto<\/strong>: Todos los datos facilitados por nuestros visitantes en la web de COMERCIAL DE SUMINISTROS LE\u00d3N 2021 ser\u00e1n incluidos en registro de actividades de tratamiento de datos de car\u00e1cter personal, creado y mantenido bajo la responsabilidad de COMERCIAL DE SUMINISTROS LE\u00d3N 2021, imprescindibles para resolver las dudas o solicitudes de informaci\u00f3n remitidas por nuestros visitantes. Los datos se conservar\u00e1n durante el m\u00e1ximo tiempo establecido por la ley vigente. No se elaboran perfiles de los usuarios que nos contactan, ni cedemos los datos a terceros. No se realiza transferencia internacional de los datos.<\/p>\n<p><strong>Env\u00edo de correo electr\u00f3nico<\/strong>: COMERCIAL DE SUMINISTROS LE\u00d3N 2021 garantiza la protecci\u00f3n y confidencialidad de los datos personales que recibamos a trav\u00e9s de nuestro correo electr\u00f3nico. El contenido de estas comunicaciones, as\u00ed como el de cualquier documento adjunto, es confidencial y va dirigido \u00fanicamente al destinatario del mismo. En el supuesto de que ud. no fuera el destinatario, le solicitamos que nos lo indique y no comunique su contenido a terceros, procediendo a la eliminaci\u00f3n definitiva del mensaje. Los datos se conservar\u00e1n durante el m\u00e1ximo tiempo establecido por la ley vigente. No cedemos los datos a terceros, ni se realiza transferencia internacional de los datos.<\/p>\n<p><strong>Atenci\u00f3n al cliente<\/strong>: Todos los datos facilitados por nuestros clientes ser\u00e1n incluidos en registro de actividades de tratamiento de datos de car\u00e1cter personal, creado y mantenido bajo la responsabilidad de COMERCIAL DE SUMINISTROS LE\u00d3N 2021, imprescindibles para prestar los servicios contratados por nuestros clientes, as\u00ed como para resolver las dudas o cuestiones que nos planteen a trav\u00e9s de nuestros canales de atenci\u00f3n al cliente. Los datos se conservar\u00e1n durante el m\u00e1ximo tiempo establecido por la ley vigente. No se elaboran perfiles, ni cedemos sus datos a terceros. No se realiza transferencia internacional de los datos.<\/p>\n<p><strong>Llamadas recibidas<\/strong>: Todos los datos facilitados por los interesados que contacten a COMERCIAL DE SUMINISTROS LE\u00d3N 2021 ser\u00e1n incluidos en registro de actividades de tratamiento de datos de car\u00e1cter personal, creado y mantenido bajo la responsabilidad de COMERCIAL DE SUMINISTROS LE\u00d3N 2021, imprescindibles para resolver las dudas o solicitudes de informaci\u00f3n que nos realicen. Los datos se conservar\u00e1n durante el m\u00e1ximo tiempo establecido por la ley vigente. No se elaboran perfiles de los usuarios que nos llamen, ni cedemos los datos a terceros. No se realiza transferencia internacional de los datos.<\/p>\n<p><strong>Visitantes web<\/strong>: Realizamos un seguimiento anonimizado de los visitantes a la p\u00e1gina web de COMERCIAL DE SUMINISTROS LE\u00d3N 2021, para conocer qu\u00e9 p\u00e1ginas y servicios tienen mayor relevancia para nuestros potenciales clientes. Los datos se conservar\u00e1n durante el m\u00e1ximo tiempo establecido por la ley vigente. No se elaboran perfiles de los visitantes. En el caso de que el visitante acepte la cookie de Google Analytics, se ceder\u00e1n algunos datos (direcci\u00f3n IP parcial anonimizada, e identificador \u00fanico del dispositivo -NID\/SID\/IDE-) pero en ning\u00fan caso, COMERCIAL DE SUMINISTROS LE\u00d3N 2021 ceder\u00e1 datos personales a dicho tercero. Se realiza transferencia internacional de datos, desde \u00abGoogle Ireland Ltd.\u00bb a \u00abGoogle Inc.\u00bb (Estados Unidos), bajo autorizaci\u00f3n de la AEPD.<\/p>\n<h2>Legitimidad del tratamiento: \u00bfPor qu\u00e9 necesitamos sus datos?<\/h2>\n<ol>\n<li><strong>Su consentimiento<\/strong>: Si es usuario de nuestra web, mediante la marcaci\u00f3n de la casilla que figura en el formulario de contacto, nos autoriza a que le remitamos las comunicaciones necesarias para dar respuesta a la consulta o solicitud de informaci\u00f3n planteada.<\/li>\n<li><strong>Relaci\u00f3n contractual<\/strong>: Es la que aplica cuando contrata alguno de nuestros servicios.<\/li>\n<li><strong>Inter\u00e9s leg\u00edtimo<\/strong>: Para atender a las consultas y reclamaciones que nos plantee y para gestionar el cobro de las cantidades adeudadas.<\/li>\n<\/ol>\n<h2>Destinatarios: \u00bfCon qui\u00e9n compartimos sus datos?<\/h2>\n<p>Por defecto, nuestra pol\u00edtica es no ceder sus datos personales a terceros, a excepci\u00f3n de aquellas entidades p\u00fablicas o privadas a las cuales estemos obligados a facilitar sus datos personales con motivo del cumplimiento de alguna ley (p.ej., la Ley Tributaria obliga a facilitar a la Agencia Tributaria determinada informaci\u00f3n sobre operaciones econ\u00f3micas que superen una determinada cantidad).<\/p>\n<p>En el caso de que, al margen de los supuestos comentados, necesitemos dar a conocer su informaci\u00f3n personal a otras entidades, le solicitaremos previamente su permiso a trav\u00e9s de opciones claras que le permitir\u00e1n decidir a este respecto, y se informar\u00e1 de ello en el apartado \u00abFinalidad\u00ab, expuesto m\u00e1s arriba.<\/p>\n<h2>Comunicaci\u00f3n: \u00bfCon qui\u00e9n compartimos sus datos?<\/h2>\n<p>Se podr\u00eda llegar a realizar transferencia internacional de datos a \u00ab<strong>Google Inc.<\/strong>\u00bb, en el supuesto de aceptaci\u00f3n de cookies de Google Analytics, expuesto en el apartado \u00abFinalidad\u00bb m\u00e1s arriba.<\/p>\n<p>En el resto de casos, no se comunicar\u00e1n datos a terceros, ni se realizar\u00e1n transferencias internacionales de datos.<\/p>\n<h2>Conservaci\u00f3n: \u00bfCu\u00e1nto tiempo mantendremos sus datos?<\/h2>\n<p>Solo conservaremos sus datos personales durante el tiempo que resulte necesario para lograr los fines para los que fueron recabados. A la hora de determinar el oportuno periodo de conservaci\u00f3n, examinamos los riesgos que conlleva el tratamiento, as\u00ed como nuestras obligaciones contractuales, legales y normativas, las pol\u00edticas internas de conservaci\u00f3n de datos y nuestros intereses de negocio leg\u00edtimos descritos en el apartado \u00abFinalidad\u00bb.<\/p>\n<p>En este sentido, COMERCIAL DE SUMINISTROS LE\u00d3N 2021 conservar\u00e1 los datos personales una vez terminada su relaci\u00f3n con Ud., debidamente bloqueados, durante el plazo de prescripci\u00f3n de las acciones que pudieran derivarse de la relaci\u00f3n mantenida con el interesado.<\/p>\n<p>Una vez bloqueados, sus datos resultar\u00e1n inaccesibles, y no ser\u00e1n tratados excepto para su puesta a disposici\u00f3n a las Administraciones p\u00fablicas, Jueces y Tribunales, para la atenci\u00f3n de las posibles responsabilidades nacidas de los tratamientos, as\u00ed como para el ejercicio y defensa de reclamaciones ante la Agencia Espa\u00f1ola de Protecci\u00f3n de Datos.<\/p>\n<h2>Seguridad: \u00bfC\u00f3mo protegemos sus datos?<\/h2>\n<p>Empleamos todos los esfuerzos razonables para mantener la confidencialidad de la informaci\u00f3n personal que se trate en nuestros sistemas. Mantenemos estrictos niveles de seguridad para proteger los datos de car\u00e1cter personal que procesamos frente a p\u00e9rdidas fortuitas y a accesos, tratamientos o revelaciones no autorizados, habida cuenta del estado de la tecnolog\u00eda, la naturaleza y los riesgos a que est\u00e1n expuestos los datos.<\/p>\n<h2>\u00bfQu\u00e9 derechos puede ejercer sobre sus datos como interesado?<\/h2>\n<p>Le informamos que podr\u00e1 ejercer los siguientes derechos:<\/p>\n<ol>\n<li><strong>Derecho de acceso<\/strong> a sus datos personales, para saber cu\u00e1les est\u00e1n siendo objeto de tratamiento y las operaciones de tratamiento llevadas a cabo con ellos.<\/li>\n<li><strong>Derecho de rectificaci\u00f3n<\/strong> de cualquier dato personal inexacto.<\/li>\n<li><strong>Derecho de supresi\u00f3n<\/strong> de sus datos personales, cuando esto sea posible (por ejemplo, por imperativo legal).<\/li>\n<li><strong>Derecho de limitaci\u00f3n del tratamiento<\/strong> de sus datos personales cuando la exactitud, la legalidad o la necesidad del tratamiento de los datos resulte dudosa, en cuyo caso, podremos conservarlos para el ejercicio o la defensa de reclamaciones.<\/li>\n<li><strong>Derecho de oposici\u00f3n<\/strong> al tratamiento de sus datos personales, cuando la base legal que nos habilite para su tratamiento de las indicadas sea nuestro inter\u00e9s leg\u00edtimo. COMERCIAL DE SUMINISTROS LE\u00d3N 2021 dejar\u00e1 de tratar sus datos salvo que tenga un inter\u00e9s leg\u00edtimo o sea necesario para la defensa de reclamaciones.<\/li>\n<li><strong>Derecho a la portabilidad<\/strong> de sus datos, cuando la base legal que nos habilite para su tratamiento sea la existencia de una relaci\u00f3n contractual o su consentimiento.<\/li>\n<li><strong>Derecho a revocar<\/strong> el consentimiento otorgado a COMERCIAL DE SUMINISTROS LE\u00d3N 2021.<\/li>\n<\/ol>\n<p>Para ejercitar sus derechos, puede hacerlo de manera gratuita y en cualquier momento, escribi\u00e9ndonos a <a href=\"mailto:info@vanesabravo.es\">info@vanesabravo.es<\/a>, firmando el documento de solicitud con su certificado digital o solicit\u00e1ndonos y rellenando el formulario de derecho correspondiente.<\/p>\n<h2>Tutela de derechos: \u00bfD\u00f3nde puede formular una reclamaci\u00f3n?<\/h2>\n<p>En caso de que entienda que sus derechos han sido desatendidos por nuestra entidad, puede formular una reclamaci\u00f3n en la Agencia Espa\u00f1ola de Protecci\u00f3n de Datos, a trav\u00e9s de alguno de los medios siguientes:<\/p>\n<ul class=\"wp-block-list\">\n<li>Sede electr\u00f3nica: <a href=\"https:\/\/sedeagpd.gob.es\/sede-electronica-web\/\" target=\"_blank\" rel=\"noreferrer noopener\">https:\/\/aepd.es<\/a><\/li>\n<li>Correo postal: Agencia Espa\u00f1ola de Protecci\u00f3n de Datos, C. Jorge Juan, 6. 28001, Madrid<\/li>\n<li>Tel\u00e9fono: 910.100.099 o 912.663.517<\/li>\n<\/ul>\n<p>Formular una reclamaci\u00f3n en la Agencia Espa\u00f1ola de Protecci\u00f3n de Datos no conlleva ning\u00fan coste y no es necesaria la asistencia de abogado ni procurador.<\/p>\n<h2>Actualizaci\u00f3n: \u00bfQu\u00e9 cambios puede haber en esta Pol\u00edtica de Privacidad?<\/h2>\n<p>COMERCIAL DE SUMINISTROS LE\u00d3N 2021 se reserva el derecho a modificar la presente pol\u00edtica para adaptarla a novedades legislativas o jurisprudenciales que puedan afectar el cumplimiento de la misma.<\/p>\n<p>&nbsp;<\/p>\n<p><strong>\u00daltima actualizaci\u00f3n: 24 de abril de 2026<\/strong><\/p>\n","protected":false},"excerpt":{"rendered":"<p>En cumplimiento del Reglamento (UE) 2016\/679 del Parlamento Europeo y del Consejo, de 27 de abril de 2016, relativo a&#8230;<\/p>\n","protected":false},"author":1,"featured_media":0,"parent":0,"menu_order":0,"comment_status":"closed","ping_status":"open","template":"","meta":{"footnotes":""},"class_list":["post-3","page","type-page","status-publish"],"_links":{"self":[{"href":"https:\/\/dev.webpatho.com\/comercialsuministrosleon\/wp-json\/wp\/v2\/pages\/3","targetHints":{"allow":["GET"]}}],"collection":[{"href":"https:\/\/dev.webpatho.com\/comercialsuministrosleon\/wp-json\/wp\/v2\/pages"}],"about":[{"href":"https:\/\/dev.webpatho.com\/comercialsuministrosleon\/wp-json\/wp\/v2\/types\/page"}],"author":[{"embeddable":true,"href":"https:\/\/dev.webpatho.com\/comercialsuministrosleon\/wp-json\/wp\/v2\/users\/1"}],"replies":[{"embeddable":true,"href":"https:\/\/dev.webpatho.com\/comercialsuministrosleon\/wp-json\/wp\/v2\/comments?post=3"}],"version-history":[{"count":1,"href":"https:\/\/dev.webpatho.com\/comercialsuministrosleon\/wp-json\/wp\/v2\/pages\/3\/revisions"}],"predecessor-version":[{"id":108,"href":"https:\/\/dev.webpatho.com\/comercialsuministrosleon\/wp-json\/wp\/v2\/pages\/3\/revisions\/108"}],"wp:attachment":[{"href":"https:\/\/dev.webpatho.com\/comercialsuministrosleon\/wp-json\/wp\/v2\/media?parent=3"}],"curies":[{"name":"wp","href":"https:\/\/api.w.org\/{rel}","templated":true}]}}